{"id":3919,"date":"2025-10-30T09:27:29","date_gmt":"2025-10-30T09:27:29","guid":{"rendered":"https:\/\/uudet.taksilehtola.fi\/?page_id=3919"},"modified":"2025-10-30T09:44:12","modified_gmt":"2025-10-30T09:44:12","slug":"palloliikkari","status":"publish","type":"page","link":"https:\/\/uudet.taksilehtola.fi\/index.php\/palloliikkari\/","title":{"rendered":"Palloliikkari"},"content":{"rendered":"\n<div class=\"wp-block-stackable-columns stk-block-columns stk-block stk-ccf38c8\" data-block-id=\"ccf38c8\"><div class=\"stk-row stk-inner-blocks stk-block-content stk-content-align stk-ccf38c8-column\">\n<div class=\"wp-block-stackable-column stk-block-column stk-column stk-block stk-e0c577f\" data-v=\"4\" data-block-id=\"e0c577f\"><style>@media screen and (min-width: 768px){.stk-e0c577f {flex:var(--stk-flex-grow, 1) 1 calc(56.4% - var(--stk-column-gap, 0px) * 1 \/ 2 ) !important;}}<\/style><div class=\"stk-column-wrapper stk-block-column__content stk-container stk-e0c577f-container stk--no-background stk--no-padding\"><div class=\"stk-block-content stk-inner-blocks stk-e0c577f-inner-blocks\">\n<p>Palloliikkari on Cocksin ja RPL:n yhteisty\u00f6ss\u00e4 toteuttamaa toimintaa, jossa liikumme monipuolisesti ja lapsil\u00e4ht\u00f6isesti iloisessa ja kannustavassa ilmapiiriss\u00e4.<\/p>\n\n\n\n<p class=\"has-medium-font-size\"><strong>Treeniajat<\/strong><\/p>\n\n\n\n<p><strong>Palloliikkari 2-3v lapset ja vanhemmat yhdess\u00e4<\/strong><\/p>\n\n\n\n<p><strong>Tiistai:<\/strong><\/p>\n\n\n\n<p style=\"line-height:1\">16:30 &#8211; 17:15 Uramon koulu<\/p>\n\n\n\n<p><strong>Palloliikkari 4-5v<\/strong><\/p>\n\n\n\n<p><strong>Tiistai:<\/strong><\/p>\n\n\n\n<p>17:15 &#8211; 18:00 Uramon koulu<\/p>\n\n\n\n<hr class=\"wp-block-separator has-alpha-channel-opacity\"\/>\n<\/div><\/div><\/div>\n\n\n\n<div class=\"wp-block-stackable-column stk-block-column stk-column stk-block stk-5ce4bdb\" data-v=\"4\" data-block-id=\"5ce4bdb\"><style>@media screen and (min-width: 768px){.stk-5ce4bdb {flex:var(--stk-flex-grow, 1) 1 calc(43.599999999999994% - var(--stk-column-gap, 0px) * 1 \/ 2 ) !important;}}<\/style><div class=\"stk-column-wrapper stk-block-column__content stk-container stk-5ce4bdb-container stk--no-background stk--no-padding\"><div class=\"stk-block-content stk-inner-blocks stk-5ce4bdb-inner-blocks\">\n<p class=\"has-text-align-right has-medium-font-size\"><strong>Yhteystiedot<\/strong><\/p>\n\n\n\n<p class=\"has-text-align-right\"><strong>Valmentajat<\/strong><\/p>\n\n\n\n<p class=\"has-text-align-right\" style=\"line-height:1.5\">Pekka J\u00e4rvinen<\/p>\n\n\n\n<p class=\"has-text-align-right has-small-font-size\" style=\"line-height:1.5\">p. 050 547 5347<\/p>\n\n\n\n<p class=\"has-text-align-right has-small-font-size\" style=\"line-height:1.5\">pekka.jarvinen@cocks.fi<\/p>\n\n\n\n<p class=\"has-text-align-right\">Henri Intke<\/p>\n\n\n\n<p class=\"has-text-align-right has-small-font-size\">p. 040 741 3173<\/p>\n\n\n\n<p class=\"has-text-align-right has-small-font-size\">henri.intke@gmail.com<\/p>\n<\/div><\/div><\/div>\n<\/div><\/div>\n\n\n\n<p><\/p>\n","protected":false},"excerpt":{"rendered":"<p>Palloliikkari on Cocksin ja RPL:n yhteisty\u00f6ss\u00e4 toteuttamaa toimintaa, jossa liikumme monipuolisesti ja lapsil\u00e4ht\u00f6isesti iloisessa ja kannustavassa ilmapiiriss\u00e4. Treeniajat Palloliikkari 2-3v lapset ja vanhemmat yhdess\u00e4 Tiistai: 16:30 &#8211; 17:15 Uramon koulu Palloliikkari 4-5v Tiistai: 17:15 &#8211; 18:00 Uramon koulu Yhteystiedot Valmentajat Pekka J\u00e4rvinen p. 050 547 5347 pekka.jarvinen@cocks.fi Henri Intke p. 040 741 3173 henri.intke@gmail.com<\/p>\n","protected":false},"author":1,"featured_media":0,"parent":0,"menu_order":0,"comment_status":"closed","ping_status":"closed","template":"","meta":{"footnotes":""},"class_list":["post-3919","page","type-page","status-publish","hentry"],"_links":{"self":[{"href":"https:\/\/uudet.taksilehtola.fi\/index.php\/wp-json\/wp\/v2\/pages\/3919","targetHints":{"allow":["GET"]}}],"collection":[{"href":"https:\/\/uudet.taksilehtola.fi\/index.php\/wp-json\/wp\/v2\/pages"}],"about":[{"href":"https:\/\/uudet.taksilehtola.fi\/index.php\/wp-json\/wp\/v2\/types\/page"}],"author":[{"embeddable":true,"href":"https:\/\/uudet.taksilehtola.fi\/index.php\/wp-json\/wp\/v2\/users\/1"}],"replies":[{"embeddable":true,"href":"https:\/\/uudet.taksilehtola.fi\/index.php\/wp-json\/wp\/v2\/comments?post=3919"}],"version-history":[{"count":4,"href":"https:\/\/uudet.taksilehtola.fi\/index.php\/wp-json\/wp\/v2\/pages\/3919\/revisions"}],"predecessor-version":[{"id":3925,"href":"https:\/\/uudet.taksilehtola.fi\/index.php\/wp-json\/wp\/v2\/pages\/3919\/revisions\/3925"}],"wp:attachment":[{"href":"https:\/\/uudet.taksilehtola.fi\/index.php\/wp-json\/wp\/v2\/media?parent=3919"}],"curies":[{"name":"wp","href":"https:\/\/api.w.org\/{rel}","templated":true}]}}