{"id":3896,"date":"2025-10-24T11:20:29","date_gmt":"2025-10-24T11:20:29","guid":{"rendered":"https:\/\/uudet.taksilehtola.fi\/?page_id=3896"},"modified":"2025-10-24T11:20:29","modified_gmt":"2025-10-24T11:20:29","slug":"cocks-areenan-varausvuorot","status":"publish","type":"page","link":"https:\/\/uudet.taksilehtola.fi\/index.php\/cocks-areenan-varausvuorot\/","title":{"rendered":"Cocks Areenan varausvuorot"},"content":{"rendered":"\n<div class=\"gcal-wrap\">\n  <!-- Kuukausin\u00e4kym\u00e4 \u2014 n\u00e4kyy \u2265768px -->\n  <iframe class=\"gcal gcal--month lazyload\"\n    data-src=\"https:\/\/calendar.google.com\/calendar\/embed?height=800&#038;wkst=2&#038;bgcolor=%23ffffff&#038;ctz=Europe%2FHelsinki&#038;mode=MONTH&#038;title=Cocks%20Areena%20varaukset&#038;showTz=0&#038;showCalendars=1&#038;showTabs=1&#038;src=ZGo5cmRrZjQ3YzE0cDBkczV1OHVtZjlyNW9AZ3JvdXAuY2FsZW5kYXIuZ29vZ2xlLmNvbQ&#038;src=OTdhY3NwNnB2ZzU4b3E5OW44NXZybDY5YWNAZ3JvdXAuY2FsZW5kYXIuZ29vZ2xlLmNvbQ&#038;src=NXJlOGN1NTlrazJrOWd1czRianQza2V0Y2tAZ3JvdXAuY2FsZW5kYXIuZ29vZ2xlLmNvbQ&#038;src=bDg3ZDR0dGQ5NzVidm1lZXRzbGVuNTVhYTRAZ3JvdXAuY2FsZW5kYXIuZ29vZ2xlLmNvbQ&#038;src=cm0xNXUyc2prYXZnaG9mdWYxMWliNTRzZzRAZ3JvdXAuY2FsZW5kYXIuZ29vZ2xlLmNvbQ&#038;src=aHV2YTN0bDdlaDZwMjE2ZGtja2lzYWVmb3NAZ3JvdXAuY2FsZW5kYXIuZ29vZ2xlLmNvbQ&#038;src=Z2F1cWZkY2VvZDNpcjFzY205MjQ1ZnZicGNAZ3JvdXAuY2FsZW5kYXIuZ29vZ2xlLmNvbQ&#038;src=MWQ3cnViN244cmV1Y2xlZGk4aTl0amhjNDBAZ3JvdXAuY2FsZW5kYXIuZ29vZ2xlLmNvbQ&#038;src=M2F0bzhkM3UyOXA3NGFlamM5cGZsbG5hdmtAZ3JvdXAuY2FsZW5kYXIuZ29vZ2xlLmNvbQ&#038;src=Ym5nazdnbzJrY2FkaGtjN3Z0OW9zYXQ2bWtAZ3JvdXAuY2FsZW5kYXIuZ29vZ2xlLmNvbQ&#038;color=%23D81B60&#038;color=%238E24AA&#038;color=%23D50000&#038;color=%23F6BF26&#038;color=%233F51B5&#038;color=%23616161&#038;color=%234285F4&#038;color=%23616161&#038;color=%238E24AA&#038;color=%23795548\"\n    frameborder=\"0\" scrolling=\"no\" src=\"data:image\/svg+xml;base64,PHN2ZyB3aWR0aD0iMSIgaGVpZ2h0PSIxIiB4bWxucz0iaHR0cDovL3d3dy53My5vcmcvMjAwMC9zdmciPjwvc3ZnPg==\" data-load-mode=\"1\"><\/iframe>\n\n  <!-- Agenda-n\u00e4kym\u00e4 \u2014 n\u00e4kyy <768px -->\n  <iframe class=\"gcal gcal--agenda lazyload\"\n    data-src=\"https:\/\/calendar.google.com\/calendar\/embed?height=800&#038;wkst=2&#038;bgcolor=%23ffffff&#038;ctz=Europe%2FHelsinki&#038;mode=AGENDA&#038;title=Cocks%20Areena%20varaukset&#038;showTz=0&#038;showCalendars=1&#038;showTabs=0&#038;src=ZGo5cmRrZjQ3YzE0cDBkczV1OHVtZjlyNW9AZ3JvdXAuY2FsZW5kYXIuZ29vZ2xlLmNvbQ&#038;src=OTdhY3NwNnB2ZzU4b3E5OW44NXZybDY5YWNAZ3JvdXAuY2FsZW5kYXIuZ29vZ2xlLmNvbQ&#038;src=NXJlOGN1NTlrazJrOWd1czRianQza2V0Y2tAZ3JvdXAuY2FsZW5kYXIuZ29vZ2xlLmNvbQ&#038;src=bDg3ZDR0dGQ5NzVidm1lZXRzbGVuNTVhYTRAZ3JvdXAuY2FsZW5kYXIuZ29vZ2xlLmNvbQ&#038;src=cm0xNXUyc2prYXZnaG9mdWYxMWliNTRzZzRAZ3JvdXAuY2FsZW5kYXIuZ29vZ2xlLmNvbQ&#038;src=aHV2YTN0bDdlaDZwMjE2ZGtja2lzYWVmb3NAZ3JvdXAuY2FsZW5kYXIuZ29vZ2xlLmNvbQ&#038;src=Z2F1cWZkY2VvZDNpcjFzY205MjQ1ZnZicGNAZ3JvdXAuY2FsZW5kYXIuZ29vZ2xlLmNvbQ&#038;src=MWQ3cnViN244cmV1Y2xlZGk4aTl0amhjNDBAZ3JvdXAuY2FsZW5kYXIuZ29vZ2xlLmNvbQ&#038;src=M2F0bzhkM3UyOXA3NGFlamM5cGZsbG5hdmtAZ3JvdXAuY2FsZW5kYXIuZ29vZ2xlLmNvbQ&#038;src=Ym5nazdnbzJrY2FkaGtjN3Z0OW9zYXQ2bWtAZ3JvdXAuY2FsZW5kYXIuZ29vZ2xlLmNvbQ&#038;color=%23D81B60&#038;color=%238E24AA&#038;color=%23D50000&#038;color=%23F6BF26&#038;color=%233F51B5&#038;color=%23616161&#038;color=%234285F4&#038;color=%23616161&#038;color=%238E24AA&#038;color=%23795548\"\n    frameborder=\"0\" scrolling=\"no\" src=\"data:image\/svg+xml;base64,PHN2ZyB3aWR0aD0iMSIgaGVpZ2h0PSIxIiB4bWxucz0iaHR0cDovL3d3dy53My5vcmcvMjAwMC9zdmciPjwvc3ZnPg==\" data-load-mode=\"1\"><\/iframe>\n<\/div>\n\n<style>\n.gcal-wrap { max-width: 1000px; margin: 0 auto; }\n.gcal { width: 100%; border: 0; display: block; }\n\n\/* Korkeudet \u2013 s\u00e4\u00e4d\u00e4 halutessasi *\/\n.gcal--month { height: 800px; }\n.gcal--agenda { height: 650px; }\n\n\/* Mobiili: n\u00e4yt\u00e4 agenda, piilota kuukausi *\/\n@media (max-width: 767px){\n  .gcal--month { display: none; }\n  .gcal--agenda { display: block; height: 600px; }\n}\n\n\/* Desktop\/tabletti: n\u00e4yt\u00e4 kuukausi, piilota agenda *\/\n@media (min-width: 768px){\n  .gcal--month { display: block; }\n  .gcal--agenda { display: none; }\n}\n<\/style>\n\n\n\n<div class=\"calendar-legend\">\n  <div><span style=\"background:#8E24AA;\"><\/span> Lohko 1<\/div>\n  <div><span style=\"background:#D81B60;\"><\/span> Lohko 2<\/div>\n  <div><span style=\"background:#F6BF26;\"><\/span> Lohko 3<\/div>\n  <div><span style=\"background:#4285F4;\"><\/span> Kuntosali<\/div>\n<\/div>\n\n<style>\n.calendar-legend {\n  display: flex;\n  flex-wrap: wrap;\n  justify-content: center;\n  gap: 8px 16px;\n  margin: 15px auto 20px;\n  max-width: 900px;\n  font-size: 15px;\n  color: #111;\n}\n.calendar-legend div {\n  display: flex;\n  align-items: center;\n  gap: 6px;\n}\n.calendar-legend span {\n  display: inline-block;\n  width: 16px;\n  height: 16px;\n  border-radius: 3px;\n}\n<\/style>\n","protected":false},"excerpt":{"rendered":"<p>Lohko 1 Lohko 2 Lohko 3 Kuntosali<\/p>\n","protected":false},"author":1,"featured_media":0,"parent":0,"menu_order":0,"comment_status":"closed","ping_status":"closed","template":"","meta":{"footnotes":""},"class_list":["post-3896","page","type-page","status-publish","hentry"],"_links":{"self":[{"href":"https:\/\/uudet.taksilehtola.fi\/index.php\/wp-json\/wp\/v2\/pages\/3896","targetHints":{"allow":["GET"]}}],"collection":[{"href":"https:\/\/uudet.taksilehtola.fi\/index.php\/wp-json\/wp\/v2\/pages"}],"about":[{"href":"https:\/\/uudet.taksilehtola.fi\/index.php\/wp-json\/wp\/v2\/types\/page"}],"author":[{"embeddable":true,"href":"https:\/\/uudet.taksilehtola.fi\/index.php\/wp-json\/wp\/v2\/users\/1"}],"replies":[{"embeddable":true,"href":"https:\/\/uudet.taksilehtola.fi\/index.php\/wp-json\/wp\/v2\/comments?post=3896"}],"version-history":[{"count":1,"href":"https:\/\/uudet.taksilehtola.fi\/index.php\/wp-json\/wp\/v2\/pages\/3896\/revisions"}],"predecessor-version":[{"id":3897,"href":"https:\/\/uudet.taksilehtola.fi\/index.php\/wp-json\/wp\/v2\/pages\/3896\/revisions\/3897"}],"wp:attachment":[{"href":"https:\/\/uudet.taksilehtola.fi\/index.php\/wp-json\/wp\/v2\/media?parent=3896"}],"curies":[{"name":"wp","href":"https:\/\/api.w.org\/{rel}","templated":true}]}}