{"id":3689,"date":"2025-10-20T14:31:39","date_gmt":"2025-10-20T14:31:39","guid":{"rendered":"https:\/\/uudet.taksilehtola.fi\/?page_id=3689"},"modified":"2025-10-20T14:31:39","modified_gmt":"2025-10-20T14:31:39","slug":"kasipalloseura-cocks-ry-saannot","status":"publish","type":"page","link":"https:\/\/uudet.taksilehtola.fi\/index.php\/kasipalloseura-cocks-ry-saannot\/","title":{"rendered":"K\u00e4sipalloseura Cocks ry. s\u00e4\u00e4nn\u00f6t"},"content":{"rendered":"\n<p>Voimassaolevat s\u00e4\u00e4nn\u00f6t<\/p>\n\n\n\n<p>Voimassaolon alku: 01.10.2025 12:29:42<\/p>\n\n\n\n<p>1. Yhdistyksen nimi ja kotipaikka<\/p>\n\n\n\n<p>Yhdistyksen nimi on K\u00e4sipalloseura Cocks ry ja sen kotipaikka on Riihim\u00e4ki.<\/p>\n\n\n\n<p>2. Tarkoitus ja toiminnan laatu<\/p>\n\n\n\n<p>Yhdistyksen tarkoituksena on edist\u00e4\u00e4 k\u00e4sipalloharrastusta siten, ett\u00e4 mahdollisimman moni<\/p>\n\n\n\n<p>seuran j\u00e4sen harrastaisi kunto-, kilpa- tai huippu-urheilua edellytystens\u00e4 ja tarpeidensa<\/p>\n\n\n\n<p>mukaisesti.<\/p>\n\n\n\n<p>Tarkoituksensa toteuttamiseksi yhdistys j\u00e4rjest\u00e4\u00e4 k\u00e4sipalloiluun liittyvi\u00e4 valmennus-,<\/p>\n\n\n\n<p>harjoitus-, koulutus-, tiedotus- ja kasvatustilaisuuksia sek\u00e4 kilpailuja ja n\u00e4yt\u00f6ksi\u00e4 kuin my\u00f6s<\/p>\n\n\n\n<p>muuta samantapaista toimintaa tavoitteenaan kasvattaa yhteiskunnalle fyysisesti ja<\/p>\n\n\n\n<p>henkisesti aktiivisia kansalaisia.<\/p>\n\n\n\n<p>Toimintansa tukemiseksi yhdistys voi ottaa vastaan lahjoituksia ja testamentteja, omistaa<\/p>\n\n\n\n<p>toimintaansa varten tarpeellisia kiinteist\u00f6j\u00e4 sek\u00e4 hankkia varoja j\u00e4rjest\u00e4en tilaisuuksia,<\/p>\n\n\n\n<p>harjoittaen kustannustoimintaa sek\u00e4 ravitsemusliiketoimintaa sek\u00e4 toimeenpanna<\/p>\n\n\n\n<p>asianmukaisen luvan saatuaan arpajaisia ja rahanker\u00e4yksi\u00e4.<\/p>\n\n\n\n<p>3. J\u00e4senet<\/p>\n\n\n\n<p>Yhdistykseen varsinaiseksi j\u00e4seneksi voidaan hyv\u00e4ksy\u00e4 henkil\u00f6, joka hyv\u00e4ksyy yhdistyksen<\/p>\n\n\n\n<p>tarkoituksen ja sitoutuu noudattamaan sen s\u00e4\u00e4nt\u00f6j\u00e4 ja p\u00e4\u00e4t\u00f6ksi\u00e4.<\/p>\n\n\n\n<p>Kannattavaksi j\u00e4seneksi voidaan hyv\u00e4ksy\u00e4 yksityinen henkil\u00f6 tai yhteis\u00f6, joka haluaa tukea<\/p>\n\n\n\n<p>yhdistyksen tarkoitusta ja toimintaa sek\u00e4 suorittaa vuotuisen kannattajaj\u00e4senmaksun.<\/p>\n\n\n\n<p>Kunniapuheenjohtajaksi tai kunniaj\u00e4seneksi voidaan hallituksen esityksest\u00e4 yhdistyksen<\/p>\n\n\n\n<p>kokouksessa kutsua henkil\u00f6, joka on merkitt\u00e4v\u00e4sti edist\u00e4nyt ja tukenut yhdistyksen toimintaa.<\/p>\n\n\n\n<p>J\u00e4sen, joka ei ole maksanut j\u00e4senmaksuaan toimintavuoden aikana, voidaan katsoa<\/p>\n\n\n\n<p>eronneeksi.<\/p>\n\n\n\n<p>4. J\u00e4senen erottaminen<\/p>\n\n\n\n<p>Hallitus voi erottaa yhdistyksen j\u00e4senen, joka on j\u00e4tt\u00e4nyt t\u00e4ytt\u00e4m\u00e4tt\u00e4 ne velvoitukset, joihin<\/p>\n\n\n\n<p>h\u00e4n on yhdistykseen liittym\u00e4ll\u00e4 sitoutunut, on menettelyll\u00e4\u00e4n yhdistyksess\u00e4 tai sen<\/p>\n\n\n\n<p>ulkopuolella huomattavasti vahingoittanut yhdistyst\u00e4 tai ei en\u00e4\u00e4 t\u00e4yt\u00e4 laissa tai yhdistyksen<\/p>\n\n\n\n<p>s\u00e4\u00e4nn\u00f6iss\u00e4 mainittuja j\u00e4senyyden ehtoja.<\/p>\n\n\n\n<p>5. Liittymis- ja j\u00e4senmaksu<\/p>\n\n\n\n<p>Yhdistyksen kokous p\u00e4\u00e4tt\u00e4\u00e4 liittymismaksun sek\u00e4 j\u00e4senmaksujen suuruuden varsinaisille<\/p>\n\n\n\n<p>j\u00e4senille ja kannattajaj\u00e4senille. Kunniapuheenjohtajat ja kunniaj\u00e4senet eiv\u00e4t suorita<\/p>\n\n\n\n<p>j\u00e4senmaksuja.<\/p>\n\n\n\n<p>6. Hallitus<\/p>\n\n\n\n<p>Yhdistyksen asioita hoitaa hallitus, johon kuuluu yhdistyksen kokouksessa valitut<\/p>\n\n\n\n<p>puheenjohtaja ja 2-8 muuta varsinaista j\u00e4sent\u00e4. Mik\u00e4li varsinaisia j\u00e4seni\u00e4 on 4 tai<\/p>\n\n\n\n<p>v\u00e4hemm\u00e4n, valitaan 2 varaj\u00e4sent\u00e4. Hallitus valitaan yhdeksi toimintavuodeksi kerrallaan.Sivu: 2\/3<\/p>\n\n\n\n<p>Hallitus valitsee keskuudestaan varapuheenjohtajan sek\u00e4 ottaa keskuudestaan tai<\/p>\n\n\n\n<p>ulkopuoleltaan sihteerin, rahastonhoitajan ja muut tarvittavat toimihenkil\u00f6t.<\/p>\n\n\n\n<p>Hallitus kokoontuu puheenjohtajan tai h\u00e4nen estyneen\u00e4 ollessaan varapuheenjohtajan<\/p>\n\n\n\n<p>kutsusta, kun he katsovat siihen olevan aihetta tai kun v\u00e4hint\u00e4\u00e4n puolet hallituksen j\u00e4senist\u00e4<\/p>\n\n\n\n<p>sit\u00e4 vaatii.<\/p>\n\n\n\n<p>Hallitus on p\u00e4\u00e4t\u00f6svaltainen, kun v\u00e4hint\u00e4\u00e4n puolet sen j\u00e4senist\u00e4, puheenjohtaja tai<\/p>\n\n\n\n<p>varapuheenjohtaja mukaanluettuna on l\u00e4sn\u00e4.<\/p>\n\n\n\n<p>\u00c4\u00e4nestykset ratkaistaan ehdottomalla \u00e4\u00e4ntenenemmist\u00f6ll\u00e4. \u00c4\u00e4nten menness\u00e4 tasan<\/p>\n\n\n\n<p>ratkaisee puheenjohtajan \u00e4\u00e4ni, vaaleissa kuitenkin arpa.<\/p>\n\n\n\n<p>Hallitus voi nimitt\u00e4\u00e4 jaostoja tai toimikuntia ja my\u00f6nt\u00e4\u00e4 n\u00e4ille valtuuksia.<\/p>\n\n\n\n<p>7. Yhdistyksen nimen kirjoittaminen<\/p>\n\n\n\n<p>Yhdistyksen nimen kirjoittaa kaksi hallituksen j\u00e4sent\u00e4 yhdess\u00e4 tai hallituksen m\u00e4\u00e4r\u00e4\u00e4m\u00e4t<\/p>\n\n\n\n<p>henkil\u00f6t kukin yksin.<\/p>\n\n\n\n<p>8. Toimintavuosi ja tilikausi<\/p>\n\n\n\n<p>Yhdistyksen toimintavuosi ja tilikausi on 1.6.-31.5. Tilinp\u00e4\u00e4t\u00f6s ja toimintakertomus on<\/p>\n\n\n\n<p>annettava toiminnantarkastajille viimeist\u00e4\u00e4n kuukautta ennen kokousta.<\/p>\n\n\n\n<p>9. Yhdistyksen kokoukset<\/p>\n\n\n\n<p>Yhdistyksen kokoukseen voidaan osallistua hallituksen tai yhdistyksen kokouksen niin<\/p>\n\n\n\n<p>p\u00e4\u00e4tt\u00e4ess\u00e4 my\u00f6s tietoliikenneyhteyden tai muun teknisen apuv\u00e4lineen avulla kokouksen<\/p>\n\n\n\n<p>aikana. Teknisen apuv\u00e4lineen k\u00e4ytt\u00e4minen tulee kertoa kokouskutsussa, paitsi hallituksen<\/p>\n\n\n\n<p>kokous voi p\u00e4\u00e4tt\u00e4\u00e4 k\u00e4ytt\u00e4misest\u00e4 my\u00f6s hallituksen kokouksen aikana.<\/p>\n\n\n\n<p>Yhdistys pit\u00e4\u00e4 vuosittain yhden varsinaisen kokouksen. Yhdistyksen kokous pidet\u00e4\u00e4n elo-<\/p>\n\n\n\n<p>syyskuussa hallituksen m\u00e4\u00e4r\u00e4\u00e4m\u00e4n\u00e4 p\u00e4iv\u00e4n\u00e4.<\/p>\n\n\n\n<p>Yhdistyksen kokouksessa on jokaisella varsinaisella j\u00e4senell\u00e4, kunniapuheenjohtajalla ja<\/p>\n\n\n\n<p>kunniaj\u00e4senell\u00e4 yksi \u00e4\u00e4ni. Kannattavalla j\u00e4senell\u00e4 on kokouksessa l\u00e4sn\u00e4olo- ja puheoikeus.<\/p>\n\n\n\n<p>Yhdistyksen kokouksen p\u00e4\u00e4t\u00f6kseksi tulee, ellei s\u00e4\u00e4nn\u00f6iss\u00e4 ole toisin m\u00e4\u00e4r\u00e4tty, se mielipide,<\/p>\n\n\n\n<p>jota on kannattanut yli puolet annetuista \u00e4\u00e4nist\u00e4. \u00c4\u00e4nten menness\u00e4 tasan ratkaisee<\/p>\n\n\n\n<p>kokouksen puheenjohtajan \u00e4\u00e4ni, vaaleissa kuitenkin arpa.<\/p>\n\n\n\n<p>10. Yhdistyksen kokousten koollekutsuminen<\/p>\n\n\n\n<p>Hallituksen on kutsuttava yhdistyksen kokoukset koolle v\u00e4hint\u00e4\u00e4n seitsem\u00e4n vuorokautta<\/p>\n\n\n\n<p>ennen kokousta j\u00e4senille postitetuilla kirjeill\u00e4, s\u00e4hk\u00f6postitse tai yhdistyksen verkkosivuilla.<\/p>\n\n\n\n<p>11. Varsinaiset kokoukset<\/p>\n\n\n\n<p>Yhdistyksen varsinaisessa kokouksessa k\u00e4sitell\u00e4\u00e4n seuraavat asiat:<\/p>\n\n\n\n<p>1. kokouksen avaus<\/p>\n\n\n\n<p>2. valitaan kokouksen puheenjohtaja, sihteeri, kaksi p\u00f6yt\u00e4kirjantarkastajaa ja tarvittaessa<\/p>\n\n\n\n<p>kaksi \u00e4\u00e4ntenlaskijaa<\/p>\n\n\n\n<p>3. todetaan l\u00e4sn\u00e4 olevat \u00e4\u00e4nioikeutetut j\u00e4senet<\/p>\n\n\n\n<p>4. todetaan kokouksen laillisuus ja p\u00e4\u00e4t\u00f6svaltaisuus<\/p>\n\n\n\n<p>4. hyv\u00e4ksyt\u00e4\u00e4n kokouksen ty\u00f6j\u00e4rjestys<\/p>\n\n\n\n<p>5. esitet\u00e4\u00e4n tilinp\u00e4\u00e4t\u00f6s, vuosikertomus ja toiminnantarkastajien\/tilintarkastajien lausunto<\/p>\n\n\n\n<p>6. p\u00e4\u00e4tet\u00e4\u00e4n tilinp\u00e4\u00e4t\u00f6ksen vahvistamisesta ja vastuuvapauden my\u00f6nt\u00e4misest\u00e4 hallitukselle<\/p>\n\n\n\n<p>ja muille vastuuvelvollisille<\/p>\n\n\n\n<p>7. vahvistetaan toimintasuunnitelma, tulo- ja menoarvio sek\u00e4 liittymis- ja j\u00e4senmaksujenSivu: 3\/3<\/p>\n\n\n\n<p>suuruudet seuraavalle toimintavuodelle<\/p>\n\n\n\n<p>8. valitaan hallituksen puheenjohtaja ja muut j\u00e4senet<\/p>\n\n\n\n<p>9. valitaan yksi tai kaksi toiminnantarkastajaa ja varatoiminnantarkastajaa taikka yksi tai kaksi<\/p>\n\n\n\n<p>tilin-tarkastajaa ja varatilintarkastajaa<\/p>\n\n\n\n<p>Mik\u00e4li yhdistyksen j\u00e4sen haluaa saada jonkin asian yhdistyksen kokouksen k\u00e4sitelt\u00e4v\u00e4ksi, on<\/p>\n\n\n\n<p>h\u00e4nen ilmoitettava siit\u00e4 kirjallisesti hallitukselle viimeist\u00e4\u00e4n seitsem\u00e4n p\u00e4iv\u00e4\u00e4 ennen<\/p>\n\n\n\n<p>kokousta.<\/p>\n\n\n\n<p>12. S\u00e4\u00e4nt\u00f6jen muuttaminen ja yhdistyksen purkaminen<\/p>\n\n\n\n<p>P\u00e4\u00e4t\u00f6s s\u00e4\u00e4nt\u00f6jen muuttamisesta ja yhdistyksen purkamisesta on teht\u00e4v\u00e4 kahdessa<\/p>\n\n\n\n<p>per\u00e4kk\u00e4isess\u00e4 yhdistyksen kokouksessa v\u00e4hint\u00e4\u00e4n kolmen nelj\u00e4sosan (3\/4) enemmist\u00f6ll\u00e4<\/p>\n\n\n\n<p>annetuista \u00e4\u00e4nist\u00e4.<\/p>\n\n\n\n<p>Kokouskutsussa on mainittava s\u00e4\u00e4nt\u00f6jen muuttamisesta tai yhdistyksen purkamisesta.<\/p>\n\n\n\n<p>Yhdistyksen purkautuessa k\u00e4ytet\u00e4\u00e4n yhdistyksen varat yhdistyksen tarkoituksen<\/p>\n\n\n\n<p>edist\u00e4miseen purkamisesta p\u00e4\u00e4tt\u00e4v\u00e4n kokouksen m\u00e4\u00e4r\u00e4\u00e4m\u00e4ll\u00e4 tavalla. Yhdistyksen tullessa<\/p>\n\n\n\n<p>lakkautetuksi k\u00e4ytet\u00e4\u00e4n sen varat samaan tarkoitukseen.<\/p>\n","protected":false},"excerpt":{"rendered":"<p>Voimassaolevat s\u00e4\u00e4nn\u00f6t Voimassaolon alku: 01.10.2025 12:29:42 1. Yhdistyksen nimi ja kotipaikka Yhdistyksen nimi on K\u00e4sipalloseura Cocks ry ja sen kotipaikka on Riihim\u00e4ki. 2. Tarkoitus ja toiminnan laatu Yhdistyksen tarkoituksena on edist\u00e4\u00e4 k\u00e4sipalloharrastusta siten, ett\u00e4 mahdollisimman moni seuran j\u00e4sen harrastaisi kunto-, kilpa- tai huippu-urheilua edellytystens\u00e4 ja tarpeidensa mukaisesti. Tarkoituksensa toteuttamiseksi yhdistys j\u00e4rjest\u00e4\u00e4 k\u00e4sipalloiluun liittyvi\u00e4 valmennus-, harjoitus-, &hellip; <\/p>\n<p class=\"link-more\"><a href=\"https:\/\/uudet.taksilehtola.fi\/index.php\/kasipalloseura-cocks-ry-saannot\/\" class=\"more-link\">Jatka lukemista<span class=\"screen-reader-text\"> &#8221;K\u00e4sipalloseura Cocks ry. s\u00e4\u00e4nn\u00f6t&#8221;<\/span><\/a><\/p>\n","protected":false},"author":1,"featured_media":0,"parent":0,"menu_order":0,"comment_status":"closed","ping_status":"closed","template":"","meta":{"footnotes":""},"class_list":["post-3689","page","type-page","status-publish","hentry"],"_links":{"self":[{"href":"https:\/\/uudet.taksilehtola.fi\/index.php\/wp-json\/wp\/v2\/pages\/3689","targetHints":{"allow":["GET"]}}],"collection":[{"href":"https:\/\/uudet.taksilehtola.fi\/index.php\/wp-json\/wp\/v2\/pages"}],"about":[{"href":"https:\/\/uudet.taksilehtola.fi\/index.php\/wp-json\/wp\/v2\/types\/page"}],"author":[{"embeddable":true,"href":"https:\/\/uudet.taksilehtola.fi\/index.php\/wp-json\/wp\/v2\/users\/1"}],"replies":[{"embeddable":true,"href":"https:\/\/uudet.taksilehtola.fi\/index.php\/wp-json\/wp\/v2\/comments?post=3689"}],"version-history":[{"count":1,"href":"https:\/\/uudet.taksilehtola.fi\/index.php\/wp-json\/wp\/v2\/pages\/3689\/revisions"}],"predecessor-version":[{"id":3690,"href":"https:\/\/uudet.taksilehtola.fi\/index.php\/wp-json\/wp\/v2\/pages\/3689\/revisions\/3690"}],"wp:attachment":[{"href":"https:\/\/uudet.taksilehtola.fi\/index.php\/wp-json\/wp\/v2\/media?parent=3689"}],"curies":[{"name":"wp","href":"https:\/\/api.w.org\/{rel}","templated":true}]}}