{"id":3644,"date":"2025-10-17T13:56:44","date_gmt":"2025-10-17T13:56:44","guid":{"rendered":"https:\/\/uudet.taksilehtola.fi\/?page_id=3644"},"modified":"2025-10-20T14:28:02","modified_gmt":"2025-10-20T14:28:02","slug":"organisaatio","status":"publish","type":"page","link":"https:\/\/uudet.taksilehtola.fi\/index.php\/organisaatio\/","title":{"rendered":"Organisaatio"},"content":{"rendered":"\n<p><strong>K\u00e4sipalloseura Cocks ry. hallitus<\/strong><\/p>\n\n\n\n<p><em>Hallituksen puheenjohtaja:<\/em><\/p>\n\n\n\n<p style=\"line-height:0\">Jari Viita<\/p>\n\n\n\n<p><em>Hallituksen j\u00e4senet:<\/em><\/p>\n\n\n\n<p style=\"line-height:0\">Antti Karjalainen<\/p>\n\n\n\n<p style=\"line-height:0\">Kimmo Helander<\/p>\n\n\n\n<p style=\"line-height:0\">Kimmo L\u00e4hteenm\u00e4ki<\/p>\n\n\n\n<p style=\"line-height:0\">Kristiina Viita<\/p>\n\n\n\n<p style=\"line-height:0\">Maria Masalin<\/p>\n\n\n\n<p style=\"line-height:0\">Seve Eskola<\/p>\n\n\n\n<p style=\"line-height:0\">Teemu Puikkonen<\/p>\n\n\n\n<p><\/p>\n\n\n\n<p><\/p>\n\n\n\n<p><\/p>\n","protected":false},"excerpt":{"rendered":"<p>K\u00e4sipalloseura Cocks ry. hallitus Hallituksen puheenjohtaja: Jari Viita Hallituksen j\u00e4senet: Antti Karjalainen Kimmo Helander Kimmo L\u00e4hteenm\u00e4ki Kristiina Viita Maria Masalin Seve Eskola Teemu Puikkonen<\/p>\n","protected":false},"author":1,"featured_media":0,"parent":0,"menu_order":0,"comment_status":"closed","ping_status":"closed","template":"","meta":{"footnotes":""},"class_list":["post-3644","page","type-page","status-publish","hentry"],"_links":{"self":[{"href":"https:\/\/uudet.taksilehtola.fi\/index.php\/wp-json\/wp\/v2\/pages\/3644","targetHints":{"allow":["GET"]}}],"collection":[{"href":"https:\/\/uudet.taksilehtola.fi\/index.php\/wp-json\/wp\/v2\/pages"}],"about":[{"href":"https:\/\/uudet.taksilehtola.fi\/index.php\/wp-json\/wp\/v2\/types\/page"}],"author":[{"embeddable":true,"href":"https:\/\/uudet.taksilehtola.fi\/index.php\/wp-json\/wp\/v2\/users\/1"}],"replies":[{"embeddable":true,"href":"https:\/\/uudet.taksilehtola.fi\/index.php\/wp-json\/wp\/v2\/comments?post=3644"}],"version-history":[{"count":6,"href":"https:\/\/uudet.taksilehtola.fi\/index.php\/wp-json\/wp\/v2\/pages\/3644\/revisions"}],"predecessor-version":[{"id":3688,"href":"https:\/\/uudet.taksilehtola.fi\/index.php\/wp-json\/wp\/v2\/pages\/3644\/revisions\/3688"}],"wp:attachment":[{"href":"https:\/\/uudet.taksilehtola.fi\/index.php\/wp-json\/wp\/v2\/media?parent=3644"}],"curies":[{"name":"wp","href":"https:\/\/api.w.org\/{rel}","templated":true}]}}