{"id":3530,"date":"2025-10-16T18:44:42","date_gmt":"2025-10-16T18:44:42","guid":{"rendered":"https:\/\/uudet.taksilehtola.fi\/?page_id=3530"},"modified":"2025-10-24T18:21:45","modified_gmt":"2025-10-24T18:21:45","slug":"yhteystiedot","status":"publish","type":"page","link":"https:\/\/uudet.taksilehtola.fi\/index.php\/yhteystiedot\/","title":{"rendered":"Yhteystiedot"},"content":{"rendered":"\n<div class=\"wp-block-columns is-layout-flex wp-container-core-columns-is-layout-9d6595d7 wp-block-columns-is-layout-flex\">\n<div class=\"wp-block-column is-vertically-aligned-top is-layout-flow wp-block-column-is-layout-flow\">\n<p><strong>Puheenjohtaja<\/strong><\/p>\n\n\n\n<p style=\"line-height:0\">Jari Viita<\/p>\n\n\n\n<p style=\"line-height:0\">jari@viita.fi<\/p>\n\n\n\n<p style=\"line-height:0\">Puh. 0500 480 744<\/p>\n<\/div>\n\n\n\n<div class=\"wp-block-column is-layout-flow wp-block-column-is-layout-flow\">\n<p><strong>Seuratoiminnan johtaja<\/strong> \/ <strong>Valmennusp\u00e4\u00e4llikk\u00f6 K\u00e4siseskarit &#8211; E-juniorit<\/strong><\/p>\n\n\n\n<p style=\"line-height:0\">Pekka J\u00e4rvinen<\/p>\n\n\n\n<p style=\"line-height:0\">pekka.jarvinen@cocks.fi<\/p>\n\n\n\n<p style=\"line-height:0\">Puh. 050 547 5347<\/p>\n\n\n\n<p><strong>Valmennusp\u00e4\u00e4llikk\u00f6 D- juniorit &#8211; Akatemia<\/strong><\/p>\n\n\n\n<p style=\"line-height:0\">Kai Elomaa<\/p>\n\n\n\n<p style=\"line-height:0\">kai.elomaa@cocks.fi<\/p>\n\n\n\n<p style=\"line-height:0\">Puh. 040 8414651<\/p>\n\n\n\n<p style=\"line-height:0\"><br><\/p>\n<\/div>\n<\/div>\n\n\n\n<div class=\"wp-block-columns is-layout-flex wp-container-core-columns-is-layout-9d6595d7 wp-block-columns-is-layout-flex\">\n<div class=\"wp-block-column is-layout-flow wp-block-column-is-layout-flow\">\n<p><strong>Cocks Areena<\/strong><\/p>\n\n\n\n<p style=\"line-height:0\">Hj. Elomaan katu 4<\/p>\n\n\n\n<p style=\"line-height:0\">11130 Riihim\u00e4ki<\/p>\n<\/div>\n\n\n\n<div class=\"wp-block-column is-layout-flow wp-block-column-is-layout-flow\">\n<p><strong>Laskutusosoite<\/strong><\/p>\n\n\n\n<p style=\"line-height:0\">K\u00e4sipalloseura Cocks ry.<\/p>\n\n\n\n<p style=\"line-height:0\">Teollisuuskatu 16<\/p>\n\n\n\n<p style=\"line-height:0\">PL 40<\/p>\n\n\n\n<p style=\"line-height:0\">11101 Riihim\u00e4ki<\/p>\n<\/div>\n<\/div>\n\n\n\n<p>Joukkueiden yhteystiedot l\u00f6yd\u00e4t joukkueiden sivuilta.<\/p>\n","protected":false},"excerpt":{"rendered":"<p>Puheenjohtaja Jari Viita jari@viita.fi Puh. 0500 480 744 Seuratoiminnan johtaja \/ Valmennusp\u00e4\u00e4llikk\u00f6 K\u00e4siseskarit &#8211; E-juniorit Pekka J\u00e4rvinen pekka.jarvinen@cocks.fi Puh. 050 547 5347 Valmennusp\u00e4\u00e4llikk\u00f6 D- juniorit &#8211; Akatemia Kai Elomaa kai.elomaa@cocks.fi Puh. 040 8414651 Cocks Areena Hj. Elomaan katu 4 11130 Riihim\u00e4ki Laskutusosoite K\u00e4sipalloseura Cocks ry. Teollisuuskatu 16 PL 40 11101 Riihim\u00e4ki Joukkueiden yhteystiedot l\u00f6yd\u00e4t joukkueiden &hellip; <\/p>\n<p class=\"link-more\"><a href=\"https:\/\/uudet.taksilehtola.fi\/index.php\/yhteystiedot\/\" class=\"more-link\">Jatka lukemista<span class=\"screen-reader-text\"> &#8221;Yhteystiedot&#8221;<\/span><\/a><\/p>\n","protected":false},"author":1,"featured_media":0,"parent":0,"menu_order":0,"comment_status":"closed","ping_status":"closed","template":"","meta":{"footnotes":""},"class_list":["post-3530","page","type-page","status-publish","hentry"],"_links":{"self":[{"href":"https:\/\/uudet.taksilehtola.fi\/index.php\/wp-json\/wp\/v2\/pages\/3530","targetHints":{"allow":["GET"]}}],"collection":[{"href":"https:\/\/uudet.taksilehtola.fi\/index.php\/wp-json\/wp\/v2\/pages"}],"about":[{"href":"https:\/\/uudet.taksilehtola.fi\/index.php\/wp-json\/wp\/v2\/types\/page"}],"author":[{"embeddable":true,"href":"https:\/\/uudet.taksilehtola.fi\/index.php\/wp-json\/wp\/v2\/users\/1"}],"replies":[{"embeddable":true,"href":"https:\/\/uudet.taksilehtola.fi\/index.php\/wp-json\/wp\/v2\/comments?post=3530"}],"version-history":[{"count":7,"href":"https:\/\/uudet.taksilehtola.fi\/index.php\/wp-json\/wp\/v2\/pages\/3530\/revisions"}],"predecessor-version":[{"id":3911,"href":"https:\/\/uudet.taksilehtola.fi\/index.php\/wp-json\/wp\/v2\/pages\/3530\/revisions\/3911"}],"wp:attachment":[{"href":"https:\/\/uudet.taksilehtola.fi\/index.php\/wp-json\/wp\/v2\/media?parent=3530"}],"curies":[{"name":"wp","href":"https:\/\/api.w.org\/{rel}","templated":true}]}}