{"id":3319,"date":"2025-10-15T08:41:29","date_gmt":"2025-10-15T08:41:29","guid":{"rendered":"https:\/\/uudet.taksilehtola.fi\/?page_id=3319"},"modified":"2025-10-24T10:11:22","modified_gmt":"2025-10-24T10:11:22","slug":"seura","status":"publish","type":"page","link":"https:\/\/uudet.taksilehtola.fi\/index.php\/seura\/","title":{"rendered":"Seura"},"content":{"rendered":"\n<p class=\"has-medium-font-size\"><strong>Visio<\/strong><\/p>\n\n\n\n<p style=\"text-transform:none\">K\u00e4sipalloseura Cocks ry:n tahtotila on olla Suomen menestynein k\u00e4sipalloseura. T\u00e4h\u00e4n sis\u00e4ltyy Suomen paras ja mittavin junioritoiminta sek\u00e4 joukkueet sek\u00e4 naisten ett\u00e4 miesten SM-sarjassa, unohtamatta harrastek\u00e4sipallotoimintaa.<\/p>\n\n\n\n<p style=\"text-transform:none\">Useiden vuosien hiljaiselo n\u00e4kyy viel\u00e4 koko seuran joukkueiden menestymisess\u00e4. Miehiss\u00e4 ja pojissa menestyst\u00e4 on tullut laajemmin, ja jopa vision n\u00e4kemys t\u00e4ytt\u00e4en, mutta naisissa ja tyt\u00f6iss\u00e4 olemme vasta alkutaipaleella. T\u00e4m\u00e4n eteen on tehty ja tehd\u00e4\u00e4n panostuksia. Cocksin unelma on rakentaa pienen kaupungin ja pienen lajin menestystarina.<\/p>\n\n\n\n<p class=\"has-medium-font-size\"><strong>Toiminta-ajatus<\/strong><\/p>\n\n\n\n<p style=\"text-transform:none\">Cocks on erottuva edell\u00e4k\u00e4vij\u00e4, joka tarjoaa k\u00e4sipalloilun kilpailu- ja harrastetoimintaa.&nbsp;Koko historiansa ajan Cocks on ollut oman tiens\u00e4 kulkija \u2013 erottuva ja esimerkillinen. Tahtotila ja uskallus, jopa riskinotto, ei ole seuralle vierasta. K\u00e4sipallo on laji, jossa \u201dL\u00e4pi harmaan kiven\u201d -tyyppinen toiminta tuo mukanaan menestyst\u00e4. Vastuullisena toimijana Cocks haluaa olla mukana kehitt\u00e4m\u00e4ss\u00e4 my\u00f6s valtakunnallista k\u00e4sipallotoimintaa ja k\u00e4sipalloiluun keskeisesti kuuluvaa tuomaritoimintaa.<\/p>\n\n\n\n<p class=\"has-medium-font-size\"><strong>Arvot<\/strong><\/p>\n\n\n\n<p><strong>1. Tavoitteellisuus<\/strong><br>Tavoitteellinen toiminta kuuluu olennaisena osana kilpailutoimintaan, mutta antaa samalla oivan pohjan my\u00f6s puhtaalle harrastetoiminnalle.<\/p>\n\n\n\n<p><strong>2. Sitoutuneisuus<\/strong><br>Seuratoiminnan ja kilpaurheilun onnistumiselle keskeist\u00e4 on j\u00e4senist\u00f6n sitoutuminen ja vapaaehtoisten ty\u00f6n huomioiminen.<\/p>\n\n\n\n<p><strong>3. Kurinalaisuus<\/strong><br>Joukkueurheilun toimivuuden kulmakivi\u00e4 on joukkueen toimiminen yhdenmukaisesti.<\/p>\n\n\n\n<p><strong>4. Suvaitsevuus<\/strong><br>Otamme huomioon ihmisten erilaisuuden ja kunnioitamme kaikkia, jotka ovat osa k\u00e4sipalloperhett\u00e4; seuroja, vastustajia, toimitsijoita, tuomareita ja valmentajia.<\/p>\n\n\n\n<p><strong>5. Yhteis\u00f6llisyys<\/strong><br>Hauskan ja positiivisen ilmapiirin kautta pystymme kantamaan ylpe\u00e4n\u00e4 Cocksin logoa.<\/p>\n","protected":false},"excerpt":{"rendered":"<p>Visio K\u00e4sipalloseura Cocks ry:n tahtotila on olla Suomen menestynein k\u00e4sipalloseura. T\u00e4h\u00e4n sis\u00e4ltyy Suomen paras ja mittavin junioritoiminta sek\u00e4 joukkueet sek\u00e4 naisten ett\u00e4 miesten SM-sarjassa, unohtamatta harrastek\u00e4sipallotoimintaa. Useiden vuosien hiljaiselo n\u00e4kyy viel\u00e4 koko seuran joukkueiden menestymisess\u00e4. Miehiss\u00e4 ja pojissa menestyst\u00e4 on tullut laajemmin, ja jopa vision n\u00e4kemys t\u00e4ytt\u00e4en, mutta naisissa ja tyt\u00f6iss\u00e4 olemme vasta alkutaipaleella. T\u00e4m\u00e4n &hellip; <\/p>\n<p class=\"link-more\"><a href=\"https:\/\/uudet.taksilehtola.fi\/index.php\/seura\/\" class=\"more-link\">Jatka lukemista<span class=\"screen-reader-text\"> &#8221;Seura&#8221;<\/span><\/a><\/p>\n","protected":false},"author":1,"featured_media":0,"parent":0,"menu_order":0,"comment_status":"closed","ping_status":"closed","template":"","meta":{"footnotes":""},"class_list":["post-3319","page","type-page","status-publish","hentry"],"_links":{"self":[{"href":"https:\/\/uudet.taksilehtola.fi\/index.php\/wp-json\/wp\/v2\/pages\/3319","targetHints":{"allow":["GET"]}}],"collection":[{"href":"https:\/\/uudet.taksilehtola.fi\/index.php\/wp-json\/wp\/v2\/pages"}],"about":[{"href":"https:\/\/uudet.taksilehtola.fi\/index.php\/wp-json\/wp\/v2\/types\/page"}],"author":[{"embeddable":true,"href":"https:\/\/uudet.taksilehtola.fi\/index.php\/wp-json\/wp\/v2\/users\/1"}],"replies":[{"embeddable":true,"href":"https:\/\/uudet.taksilehtola.fi\/index.php\/wp-json\/wp\/v2\/comments?post=3319"}],"version-history":[{"count":5,"href":"https:\/\/uudet.taksilehtola.fi\/index.php\/wp-json\/wp\/v2\/pages\/3319\/revisions"}],"predecessor-version":[{"id":3891,"href":"https:\/\/uudet.taksilehtola.fi\/index.php\/wp-json\/wp\/v2\/pages\/3319\/revisions\/3891"}],"wp:attachment":[{"href":"https:\/\/uudet.taksilehtola.fi\/index.php\/wp-json\/wp\/v2\/media?parent=3319"}],"curies":[{"name":"wp","href":"https:\/\/api.w.org\/{rel}","templated":true}]}}