{"id":3318,"date":"2025-10-15T08:41:29","date_gmt":"2025-10-15T08:41:29","guid":{"rendered":"https:\/\/uudet.taksilehtola.fi\/?page_id=3318"},"modified":"2025-10-16T19:07:33","modified_gmt":"2025-10-16T19:07:33","slug":"cocks-areena","status":"publish","type":"page","link":"https:\/\/uudet.taksilehtola.fi\/index.php\/cocks-areena\/","title":{"rendered":"Cocks Areena"},"content":{"rendered":"\n<p><em>Cocks Areena on Riihim\u00e4elle vuonna 2019 valmistunut urheiluareena, josta l\u00f6ytyy kolme harjoituskentt\u00e4\u00e4, kaksi padelkentt\u00e4\u00e4, yksityissauna, kokoustiloja ja paljon muuta. Cocks Areenan tilavuokrauksista vastaa Riihim\u00e4en Cocksin puheenjohtaja Jari Viita. Lue alta lis\u00e4\u00e4 Cocks Areenan tiloista<\/em>.<\/p>\n\n\n\n<div class=\"wp-block-cover\" style=\"min-height:406px;aspect-ratio:unset;\"><img decoding=\"async\" width=\"924\" height=\"616\" class=\"wp-block-cover__image-background wp-image-3383 lazyload\" alt=\"\" data-src=\"https:\/\/uudet.taksilehtola.fi\/wp-content\/uploads\/2025\/10\/Kuva.jpeg\" data-object-fit=\"cover\" data-srcset=\"https:\/\/uudet.taksilehtola.fi\/wp-content\/uploads\/2025\/10\/Kuva.jpeg 924w, https:\/\/uudet.taksilehtola.fi\/wp-content\/uploads\/2025\/10\/Kuva-300x200.jpeg 300w, https:\/\/uudet.taksilehtola.fi\/wp-content\/uploads\/2025\/10\/Kuva-768x512.jpeg 768w\" data-sizes=\"(max-width: 706px) 89vw, (max-width: 767px) 82vw, 740px\" src=\"data:image\/svg+xml;base64,PHN2ZyB3aWR0aD0iMSIgaGVpZ2h0PSIxIiB4bWxucz0iaHR0cDovL3d3dy53My5vcmcvMjAwMC9zdmciPjwvc3ZnPg==\" style=\"--smush-placeholder-width: 924px; --smush-placeholder-aspect-ratio: 924\/616;\" \/><span aria-hidden=\"true\" class=\"wp-block-cover__background has-background-dim\"><\/span><div class=\"wp-block-cover__inner-container is-layout-flow wp-block-cover-is-layout-flow\">\n<p class=\"has-text-align-center has-large-font-size\"><strong>P\u00e4\u00e4kentt\u00e4<\/strong><\/p>\n\n\n\n<p>Riihim\u00e4en Cocks Areenan p\u00e4\u00e4kentt\u00e4 huippuluokan kentt\u00e4, johon mahtuu 2500 katsojaa. Areenalla on sen lyhyen historian aikana pelattu jo muunmuassa k\u00e4sipallon MM-karsintoja, k\u00e4sipallon Mestarien-liigaa ja Eurooppa-liigaa sek\u00e4 Salibandyn Suomen Cupin finaali. Cocks Areena pyrkii tuomaan valtakunnallisen tason urheilutapahtumia Riihim\u00e4elle my\u00f6s tulevaisuudessa!<\/p>\n\n\n\n<p>Ota yhteytt\u00e4 ja j\u00e4rjestet\u00e4\u00e4n yhdess\u00e4 kaikkien aikojen tapahtuma!<\/p>\n<\/div><\/div>\n\n\n\n<hr class=\"wp-block-separator has-alpha-channel-opacity is-style-wide\"\/>\n\n\n\n<div class=\"wp-block-cover\"><img decoding=\"async\" width=\"1024\" height=\"1024\" class=\"wp-block-cover__image-background wp-image-3384 lazyload\" alt=\"\" data-src=\"https:\/\/uudet.taksilehtola.fi\/wp-content\/uploads\/2025\/10\/Kuva-4-1024x1024.jpeg\" data-object-fit=\"cover\" data-srcset=\"https:\/\/uudet.taksilehtola.fi\/wp-content\/uploads\/2025\/10\/Kuva-4-1024x1024.jpeg 1024w, https:\/\/uudet.taksilehtola.fi\/wp-content\/uploads\/2025\/10\/Kuva-4-300x300.jpeg 300w, https:\/\/uudet.taksilehtola.fi\/wp-content\/uploads\/2025\/10\/Kuva-4-150x150.jpeg 150w, https:\/\/uudet.taksilehtola.fi\/wp-content\/uploads\/2025\/10\/Kuva-4-768x768.jpeg 768w, https:\/\/uudet.taksilehtola.fi\/wp-content\/uploads\/2025\/10\/Kuva-4-100x100.jpeg 100w, https:\/\/uudet.taksilehtola.fi\/wp-content\/uploads\/2025\/10\/Kuva-4.jpeg 1200w\" data-sizes=\"(max-width: 706px) 89vw, (max-width: 767px) 82vw, 740px\" src=\"data:image\/svg+xml;base64,PHN2ZyB3aWR0aD0iMSIgaGVpZ2h0PSIxIiB4bWxucz0iaHR0cDovL3d3dy53My5vcmcvMjAwMC9zdmciPjwvc3ZnPg==\" style=\"--smush-placeholder-width: 1024px; --smush-placeholder-aspect-ratio: 1024\/1024;\" \/><span aria-hidden=\"true\" class=\"wp-block-cover__background has-background-dim\"><\/span><div class=\"wp-block-cover__inner-container is-layout-flow wp-block-cover-is-layout-flow\">\n<p class=\"has-text-align-center has-large-font-size\"><br><strong>Harjoittelu<\/strong><\/p>\n\n\n\n<p>Cocks Areenan p\u00e4\u00e4kentt\u00e4 on my\u00f6s jaettavissa kolmeen lohkoon, jossa muunmuassa k\u00e4sipallon, salibandyn tai futsalin harjoittelu onnistuu t\u00e4ysmittaisella kent\u00e4ll\u00e4. Cocks Areenan harjoitusolosuhteet ovat huippuluokkaa kansallisella tasolla. T\u00e4ll\u00e4 hetkell\u00e4 harjoituskentill\u00e4 harjoittelevat monet aikuis- ja nuorisojoukkueet Riihim\u00e4en alueelta.<\/p>\n\n\n\n<p>Ota yhteytt\u00e4  ja varaa harjoituskentt\u00e4 itsellesi!<\/p>\n<\/div><\/div>\n\n\n\n<hr class=\"wp-block-separator has-alpha-channel-opacity is-style-wide\"\/>\n\n\n\n<div class=\"wp-block-cover\"><img decoding=\"async\" width=\"1024\" height=\"683\" class=\"wp-block-cover__image-background wp-image-3385 lazyload\" alt=\"\" data-src=\"https:\/\/uudet.taksilehtola.fi\/wp-content\/uploads\/2025\/10\/Kuva-2-1024x683.jpeg\" data-object-fit=\"cover\" data-srcset=\"https:\/\/uudet.taksilehtola.fi\/wp-content\/uploads\/2025\/10\/Kuva-2-1024x683.jpeg 1024w, https:\/\/uudet.taksilehtola.fi\/wp-content\/uploads\/2025\/10\/Kuva-2-300x200.jpeg 300w, https:\/\/uudet.taksilehtola.fi\/wp-content\/uploads\/2025\/10\/Kuva-2-768x512.jpeg 768w, https:\/\/uudet.taksilehtola.fi\/wp-content\/uploads\/2025\/10\/Kuva-2-1536x1024.jpeg 1536w, https:\/\/uudet.taksilehtola.fi\/wp-content\/uploads\/2025\/10\/Kuva-2-2048x1366.jpeg 2048w\" data-sizes=\"(max-width: 706px) 89vw, (max-width: 767px) 82vw, 740px\" src=\"data:image\/svg+xml;base64,PHN2ZyB3aWR0aD0iMSIgaGVpZ2h0PSIxIiB4bWxucz0iaHR0cDovL3d3dy53My5vcmcvMjAwMC9zdmciPjwvc3ZnPg==\" style=\"--smush-placeholder-width: 1024px; --smush-placeholder-aspect-ratio: 1024\/683;\" \/><span aria-hidden=\"true\" class=\"wp-block-cover__background has-background-dim\"><\/span><div class=\"wp-block-cover__inner-container is-layout-flow wp-block-cover-is-layout-flow\">\n<p class=\"has-text-align-center has-large-font-size\"><br><strong>Kuntosali<\/strong><\/p>\n\n\n\n<p>Cocks Areenalla on my\u00f6s kuntosali, jossa muunmuassa Cocksin edustus sek\u00e4 kaikki juniorijoukkueet harjoittelevat.<\/p>\n\n\n\n<p>Ota yhteytt\u00e4  ja varaa kuntosalilta aika joukkueellesi!<\/p>\n<\/div><\/div>\n\n\n\n<hr class=\"wp-block-separator has-alpha-channel-opacity is-style-wide\"\/>\n\n\n\n<div class=\"wp-block-cover\"><img decoding=\"async\" width=\"816\" height=\"816\" class=\"wp-block-cover__image-background wp-image-3386 lazyload\" alt=\"\" data-src=\"https:\/\/uudet.taksilehtola.fi\/wp-content\/uploads\/2025\/10\/Kuva-3.jpeg\" data-object-fit=\"cover\" data-srcset=\"https:\/\/uudet.taksilehtola.fi\/wp-content\/uploads\/2025\/10\/Kuva-3.jpeg 816w, https:\/\/uudet.taksilehtola.fi\/wp-content\/uploads\/2025\/10\/Kuva-3-300x300.jpeg 300w, https:\/\/uudet.taksilehtola.fi\/wp-content\/uploads\/2025\/10\/Kuva-3-150x150.jpeg 150w, https:\/\/uudet.taksilehtola.fi\/wp-content\/uploads\/2025\/10\/Kuva-3-768x768.jpeg 768w, https:\/\/uudet.taksilehtola.fi\/wp-content\/uploads\/2025\/10\/Kuva-3-100x100.jpeg 100w\" data-sizes=\"(max-width: 706px) 89vw, (max-width: 767px) 82vw, 740px\" src=\"data:image\/svg+xml;base64,PHN2ZyB3aWR0aD0iMSIgaGVpZ2h0PSIxIiB4bWxucz0iaHR0cDovL3d3dy53My5vcmcvMjAwMC9zdmciPjwvc3ZnPg==\" style=\"--smush-placeholder-width: 816px; --smush-placeholder-aspect-ratio: 816\/816;\" \/><span aria-hidden=\"true\" class=\"wp-block-cover__background has-background-dim\"><\/span><div class=\"wp-block-cover__inner-container is-layout-flow wp-block-cover-is-layout-flow\">\n<p class=\"has-text-align-center has-large-font-size\"><strong>Tapahtumat<\/strong><\/p>\n\n\n\n<p>Cocks Areenan laajoissa tiloissa on mahdollista j\u00e4rjest\u00e4\u00e4 k\u00e4yt\u00e4nn\u00f6ss\u00e4 kaikenlaisa tapahtumia.&nbsp;<\/p>\n\n\n\n<p>Ota yhteytt\u00e4 ja j\u00e4rjestet\u00e4\u00e4n yhdess\u00e4 kaikkien aikojen tapahtuma!<\/p>\n<\/div><\/div>\n\n\n\n<hr class=\"wp-block-separator has-alpha-channel-opacity is-style-wide\"\/>\n\n\n\n<div class=\"wp-block-cover\"><img decoding=\"async\" width=\"1024\" height=\"683\" class=\"wp-block-cover__image-background wp-image-3387 lazyload\" alt=\"\" data-src=\"https:\/\/uudet.taksilehtola.fi\/wp-content\/uploads\/2025\/10\/Kuva-1-1024x683.jpeg\" data-object-fit=\"cover\" data-srcset=\"https:\/\/uudet.taksilehtola.fi\/wp-content\/uploads\/2025\/10\/Kuva-1-1024x683.jpeg 1024w, https:\/\/uudet.taksilehtola.fi\/wp-content\/uploads\/2025\/10\/Kuva-1-300x200.jpeg 300w, https:\/\/uudet.taksilehtola.fi\/wp-content\/uploads\/2025\/10\/Kuva-1-768x512.jpeg 768w, https:\/\/uudet.taksilehtola.fi\/wp-content\/uploads\/2025\/10\/Kuva-1-1536x1024.jpeg 1536w, https:\/\/uudet.taksilehtola.fi\/wp-content\/uploads\/2025\/10\/Kuva-1-2048x1366.jpeg 2048w\" data-sizes=\"(max-width: 706px) 89vw, (max-width: 767px) 82vw, 740px\" src=\"data:image\/svg+xml;base64,PHN2ZyB3aWR0aD0iMSIgaGVpZ2h0PSIxIiB4bWxucz0iaHR0cDovL3d3dy53My5vcmcvMjAwMC9zdmciPjwvc3ZnPg==\" style=\"--smush-placeholder-width: 1024px; --smush-placeholder-aspect-ratio: 1024\/683;\" \/><span aria-hidden=\"true\" class=\"wp-block-cover__background has-background-dim\"><\/span><div class=\"wp-block-cover__inner-container is-layout-flow wp-block-cover-is-layout-flow\">\n<p class=\"has-text-align-center has-large-font-size\"><strong>Yrityksille<\/strong><\/p>\n\n\n\n<p>Cocks Areena on t\u00e4ydellinen paikka j\u00e4rjest\u00e4\u00e4 esimerkiksi yrityksen saunailta tai vaikka kokous! Cocks Areenalta l\u00f6ytyy VIP saunatilat ja aitio, sek\u00e4 laajat kokoustilat. VIP saunatilat ja aitio on varattavissa my\u00f6s Cocksin kotiotteluiden aikaan! VIP saunatiloista otteluiden katsominen onnistuu saunoessa!<\/p>\n\n\n\n<p>Ota yhteytt\u00e4  ja varaa Cocksin tilat itsellesi!<\/p>\n<\/div><\/div>\n\n\n\n<hr class=\"wp-block-separator has-alpha-channel-opacity is-style-wide\"\/>\n\n\n\n<div class=\"wp-block-cover\"><img decoding=\"async\" width=\"1024\" height=\"768\" class=\"wp-block-cover__image-background wp-image-3388 lazyload\" alt=\"\" data-src=\"https:\/\/uudet.taksilehtola.fi\/wp-content\/uploads\/2025\/10\/Kuva-5-1024x768.jpeg\" data-object-fit=\"cover\" data-srcset=\"https:\/\/uudet.taksilehtola.fi\/wp-content\/uploads\/2025\/10\/Kuva-5-1024x768.jpeg 1024w, https:\/\/uudet.taksilehtola.fi\/wp-content\/uploads\/2025\/10\/Kuva-5-300x225.jpeg 300w, https:\/\/uudet.taksilehtola.fi\/wp-content\/uploads\/2025\/10\/Kuva-5-768x576.jpeg 768w, https:\/\/uudet.taksilehtola.fi\/wp-content\/uploads\/2025\/10\/Kuva-5-1536x1152.jpeg 1536w, https:\/\/uudet.taksilehtola.fi\/wp-content\/uploads\/2025\/10\/Kuva-5.jpeg 2048w\" data-sizes=\"(max-width: 706px) 89vw, (max-width: 767px) 82vw, 740px\" src=\"data:image\/svg+xml;base64,PHN2ZyB3aWR0aD0iMSIgaGVpZ2h0PSIxIiB4bWxucz0iaHR0cDovL3d3dy53My5vcmcvMjAwMC9zdmciPjwvc3ZnPg==\" style=\"--smush-placeholder-width: 1024px; --smush-placeholder-aspect-ratio: 1024\/768;\" \/><span aria-hidden=\"true\" class=\"wp-block-cover__background has-background-dim\"><\/span><div class=\"wp-block-cover__inner-container is-layout-flow wp-block-cover-is-layout-flow\">\n<p class=\"has-text-align-center has-large-font-size\"><strong>Padel<\/strong><\/p>\n\n\n\n<p>Cocks Areenalta l\u00f6ytyy kaksi padelkentt\u00e4\u00e4. Padelvuorojen varauksesta vastaa<span style=\"color: #fffffe;\" class=\"stk-highlight\">&nbsp;<\/span><a href=\"https:\/\/playtomic.com\/clubs\/padel-riiaitio\" target=\"_blank\" rel=\"noreferrer noopener\"><span style=\"color: #ffffff;\" class=\"stk-highlight\">Padel Riaitio<\/span><\/a><\/p>\n<\/div><\/div>\n","protected":false},"excerpt":{"rendered":"<p>Cocks Areena on Riihim\u00e4elle vuonna 2019 valmistunut urheiluareena, josta l\u00f6ytyy kolme harjoituskentt\u00e4\u00e4, kaksi padelkentt\u00e4\u00e4, yksityissauna, kokoustiloja ja paljon muuta. Cocks Areenan tilavuokrauksista vastaa Riihim\u00e4en Cocksin puheenjohtaja Jari Viita. Lue alta lis\u00e4\u00e4 Cocks Areenan tiloista.<\/p>\n","protected":false},"author":1,"featured_media":3537,"parent":0,"menu_order":0,"comment_status":"closed","ping_status":"closed","template":"","meta":{"footnotes":""},"class_list":["post-3318","page","type-page","status-publish","has-post-thumbnail","hentry"],"_links":{"self":[{"href":"https:\/\/uudet.taksilehtola.fi\/index.php\/wp-json\/wp\/v2\/pages\/3318","targetHints":{"allow":["GET"]}}],"collection":[{"href":"https:\/\/uudet.taksilehtola.fi\/index.php\/wp-json\/wp\/v2\/pages"}],"about":[{"href":"https:\/\/uudet.taksilehtola.fi\/index.php\/wp-json\/wp\/v2\/types\/page"}],"author":[{"embeddable":true,"href":"https:\/\/uudet.taksilehtola.fi\/index.php\/wp-json\/wp\/v2\/users\/1"}],"replies":[{"embeddable":true,"href":"https:\/\/uudet.taksilehtola.fi\/index.php\/wp-json\/wp\/v2\/comments?post=3318"}],"version-history":[{"count":5,"href":"https:\/\/uudet.taksilehtola.fi\/index.php\/wp-json\/wp\/v2\/pages\/3318\/revisions"}],"predecessor-version":[{"id":3393,"href":"https:\/\/uudet.taksilehtola.fi\/index.php\/wp-json\/wp\/v2\/pages\/3318\/revisions\/3393"}],"wp:featuredmedia":[{"embeddable":true,"href":"https:\/\/uudet.taksilehtola.fi\/index.php\/wp-json\/wp\/v2\/media\/3537"}],"wp:attachment":[{"href":"https:\/\/uudet.taksilehtola.fi\/index.php\/wp-json\/wp\/v2\/media?parent=3318"}],"curies":[{"name":"wp","href":"https:\/\/api.w.org\/{rel}","templated":true}]}}