{"id":3317,"date":"2025-10-15T08:41:29","date_gmt":"2025-10-15T08:41:29","guid":{"rendered":"https:\/\/uudet.taksilehtola.fi\/?page_id=3317"},"modified":"2025-10-21T11:57:35","modified_gmt":"2025-10-21T11:57:35","slug":"juniorit","status":"publish","type":"page","link":"https:\/\/uudet.taksilehtola.fi\/index.php\/juniorit\/","title":{"rendered":"Juniorit"},"content":{"rendered":"\n<p>Cocksilla on satoja tytt\u00f6- ja poikajunioreita kaikkiin ik\u00e4luokkiin. Pienimpien ryhm\u00e4 on 2-3-vuotiaiden palloliikkari, ja siit\u00e4 vanhemmille on kullekin ik\u00e4luokalle oma joukkueensa, mink\u00e4 l\u00f6yd\u00e4t \u201dJuniorit\u201d -osastosta.<br>Toivotamme uudet pelaajat tervetulleeksi kaikkiin ik\u00e4ryhmiin. Jos olet kiinnostunut tulemaan mukaan toimintaan, etsi oman ik\u00e4luokkasi yhteystiedot joukkueista ja ole rohkeasti yhteyksiss\u00e4. Ensimm\u00e4inen kuukausi on aina ilmainen kokeilu!<\/p>\n","protected":false},"excerpt":{"rendered":"<p>Cocksilla on satoja tytt\u00f6- ja poikajunioreita kaikkiin ik\u00e4luokkiin. Pienimpien ryhm\u00e4 on 2-3-vuotiaiden palloliikkari, ja siit\u00e4 vanhemmille on kullekin ik\u00e4luokalle oma joukkueensa, mink\u00e4 l\u00f6yd\u00e4t \u201dJuniorit\u201d -osastosta.Toivotamme uudet pelaajat tervetulleeksi kaikkiin ik\u00e4ryhmiin. Jos olet kiinnostunut tulemaan mukaan toimintaan, etsi oman ik\u00e4luokkasi yhteystiedot joukkueista ja ole rohkeasti yhteyksiss\u00e4. Ensimm\u00e4inen kuukausi on aina ilmainen kokeilu!<\/p>\n","protected":false},"author":1,"featured_media":3482,"parent":0,"menu_order":0,"comment_status":"closed","ping_status":"closed","template":"","meta":{"footnotes":""},"class_list":["post-3317","page","type-page","status-publish","has-post-thumbnail","hentry"],"_links":{"self":[{"href":"https:\/\/uudet.taksilehtola.fi\/index.php\/wp-json\/wp\/v2\/pages\/3317","targetHints":{"allow":["GET"]}}],"collection":[{"href":"https:\/\/uudet.taksilehtola.fi\/index.php\/wp-json\/wp\/v2\/pages"}],"about":[{"href":"https:\/\/uudet.taksilehtola.fi\/index.php\/wp-json\/wp\/v2\/types\/page"}],"author":[{"embeddable":true,"href":"https:\/\/uudet.taksilehtola.fi\/index.php\/wp-json\/wp\/v2\/users\/1"}],"replies":[{"embeddable":true,"href":"https:\/\/uudet.taksilehtola.fi\/index.php\/wp-json\/wp\/v2\/comments?post=3317"}],"version-history":[{"count":4,"href":"https:\/\/uudet.taksilehtola.fi\/index.php\/wp-json\/wp\/v2\/pages\/3317\/revisions"}],"predecessor-version":[{"id":3736,"href":"https:\/\/uudet.taksilehtola.fi\/index.php\/wp-json\/wp\/v2\/pages\/3317\/revisions\/3736"}],"wp:featuredmedia":[{"embeddable":true,"href":"https:\/\/uudet.taksilehtola.fi\/index.php\/wp-json\/wp\/v2\/media\/3482"}],"wp:attachment":[{"href":"https:\/\/uudet.taksilehtola.fi\/index.php\/wp-json\/wp\/v2\/media?parent=3317"}],"curies":[{"name":"wp","href":"https:\/\/api.w.org\/{rel}","templated":true}]}}