{"id":3316,"date":"2025-10-15T08:41:29","date_gmt":"2025-10-15T08:41:29","guid":{"rendered":"https:\/\/uudet.taksilehtola.fi\/?page_id=3316"},"modified":"2025-10-31T11:42:25","modified_gmt":"2025-10-31T11:42:25","slug":"miesten-edustusjoukkue","status":"publish","type":"page","link":"https:\/\/uudet.taksilehtola.fi\/index.php\/miesten-edustusjoukkue\/","title":{"rendered":"Miesten edustusjoukkue"},"content":{"rendered":"\n<div style=\"height:25px\" aria-hidden=\"true\" class=\"wp-block-spacer\"><\/div>\n\n\n\n<div class=\"wp-block-media-text has-media-on-the-right is-stacked-on-mobile is-image-fill-element media-text-spacing\"><div class=\"wp-block-media-text__content\">\n<p class=\"media-text-spacing\" style=\"font-style:normal;font-weight:400\">Miesten hallitseva Suomen mestari koki kaudelle 2025-2026 merkitt\u00e4v\u00e4n sukupolvenvaihdoksen. Kent\u00e4ll\u00e4 n\u00e4hd\u00e4\u00e4n p\u00e4\u00e4osin omista kasvateista rakentuva joukkue, josta l\u00f6ytyy hieno yhdistelm\u00e4 nuoruutta ja kokemusta.<\/p>\n\n\n\n<p class=\"media-text-spacing\" style=\"font-style:normal;font-weight:400\">Joukkue haluaa kehitty\u00e4 yhteisten kokemusten kautta ja pelata kev\u00e4\u00e4ll\u00e4 j\u00e4lleen SM-mitaleista. Kokemusta nuorentuneelle joukkueelle kertyykin kauden aikana reilusti, sill\u00e4 joukkue osallistuu Aktialiigan ja Suomen cupin lis\u00e4ksi my\u00f6s Baltian liigaan.<\/p>\n<\/div><figure class=\"wp-block-media-text__media\"><img decoding=\"async\" width=\"1024\" height=\"683\" data-src=\"https:\/\/uudet.taksilehtola.fi\/wp-content\/uploads\/2025\/10\/DSC_6751-1024x683.jpeg\" alt=\"\" class=\"wp-image-3914 size-full lazyload\" style=\"--smush-placeholder-width: 1024px; --smush-placeholder-aspect-ratio: 1024\/683;object-position:49% 30%\" data-srcset=\"https:\/\/uudet.taksilehtola.fi\/wp-content\/uploads\/2025\/10\/DSC_6751-1024x683.jpeg 1024w, https:\/\/uudet.taksilehtola.fi\/wp-content\/uploads\/2025\/10\/DSC_6751-300x200.jpeg 300w, https:\/\/uudet.taksilehtola.fi\/wp-content\/uploads\/2025\/10\/DSC_6751-768x512.jpeg 768w, https:\/\/uudet.taksilehtola.fi\/wp-content\/uploads\/2025\/10\/DSC_6751-1536x1024.jpeg 1536w, https:\/\/uudet.taksilehtola.fi\/wp-content\/uploads\/2025\/10\/DSC_6751.jpeg 1920w\" data-sizes=\"(max-width: 706px) 89vw, (max-width: 767px) 82vw, 740px\" src=\"data:image\/svg+xml;base64,PHN2ZyB3aWR0aD0iMSIgaGVpZ2h0PSIxIiB4bWxucz0iaHR0cDovL3d3dy53My5vcmcvMjAwMC9zdmciPjwvc3ZnPg==\" \/><\/figure><\/div>\n\n\n\n<p>Tarkemmat tiedot miesten edustusjoukkueesta l\u00f6yd\u00e4t&nbsp;<a href=\"https:\/\/aktialiiga.fi\/miehet\/joukkueet-2025-26\/cocks-riihimaki\/\" target=\"_blank\" rel=\"noreferrer noopener\">Aktialiigan sivuilta<\/a><br><\/p>\n\n\n\n<hr class=\"wp-block-separator has-alpha-channel-opacity is-style-wide\"\/>\n\n\n\n<p style=\"font-style:normal;font-weight:600\">Miesten seuraava ottelu:<\/p>\n\n\n\n<div style=\"max-width: 600px; margin: 0 auto;\">\n  <script\n    charset=\"utf-8\"\n    src=\"https:\/\/hb.api.torneopal.com\/taso\/widget.php?teamid=90316&#038;widget=nextmatch&#038;key=837a080a3a1724f941e350141e7720f7\">\n  <\/script>\n<\/div>\n\n\n\n<div style='width:300px'><script charset='utf-8' src='https:\/\/finnhandball.torneopal.fi\/taso\/widget.php?css=1&#038;encode=iso&#038;competition=hb2025&#038;class=SM-liiga&#038;group=1&#038;widget=scoretable'><\/script><\/div>\n","protected":false},"excerpt":{"rendered":"<p>Miesten hallitseva Suomen mestari koki kaudelle 2025-2026 merkitt\u00e4v\u00e4n sukupolvenvaihdoksen. Kent\u00e4ll\u00e4 n\u00e4hd\u00e4\u00e4n p\u00e4\u00e4osin omista kasvateista rakentuva joukkue, josta l\u00f6ytyy hieno yhdistelm\u00e4 nuoruutta ja kokemusta. Joukkue haluaa kehitty\u00e4 yhteisten kokemusten kautta ja pelata kev\u00e4\u00e4ll\u00e4 j\u00e4lleen SM-mitaleista. Kokemusta nuorentuneelle joukkueelle kertyykin kauden aikana reilusti, sill\u00e4 joukkue osallistuu Aktialiigan ja Suomen cupin lis\u00e4ksi my\u00f6s Baltian liigaan. Tarkemmat tiedot miesten &hellip; <\/p>\n<p class=\"link-more\"><a href=\"https:\/\/uudet.taksilehtola.fi\/index.php\/miesten-edustusjoukkue\/\" class=\"more-link\">Jatka lukemista<span class=\"screen-reader-text\"> &#8221;Miesten edustusjoukkue&#8221;<\/span><\/a><\/p>\n","protected":false},"author":1,"featured_media":3481,"parent":0,"menu_order":0,"comment_status":"closed","ping_status":"closed","template":"","meta":{"footnotes":""},"class_list":["post-3316","page","type-page","status-publish","has-post-thumbnail","hentry"],"_links":{"self":[{"href":"https:\/\/uudet.taksilehtola.fi\/index.php\/wp-json\/wp\/v2\/pages\/3316","targetHints":{"allow":["GET"]}}],"collection":[{"href":"https:\/\/uudet.taksilehtola.fi\/index.php\/wp-json\/wp\/v2\/pages"}],"about":[{"href":"https:\/\/uudet.taksilehtola.fi\/index.php\/wp-json\/wp\/v2\/types\/page"}],"author":[{"embeddable":true,"href":"https:\/\/uudet.taksilehtola.fi\/index.php\/wp-json\/wp\/v2\/users\/1"}],"replies":[{"embeddable":true,"href":"https:\/\/uudet.taksilehtola.fi\/index.php\/wp-json\/wp\/v2\/comments?post=3316"}],"version-history":[{"count":62,"href":"https:\/\/uudet.taksilehtola.fi\/index.php\/wp-json\/wp\/v2\/pages\/3316\/revisions"}],"predecessor-version":[{"id":3929,"href":"https:\/\/uudet.taksilehtola.fi\/index.php\/wp-json\/wp\/v2\/pages\/3316\/revisions\/3929"}],"wp:featuredmedia":[{"embeddable":true,"href":"https:\/\/uudet.taksilehtola.fi\/index.php\/wp-json\/wp\/v2\/media\/3481"}],"wp:attachment":[{"href":"https:\/\/uudet.taksilehtola.fi\/index.php\/wp-json\/wp\/v2\/media?parent=3316"}],"curies":[{"name":"wp","href":"https:\/\/api.w.org\/{rel}","templated":true}]}}