{"id":3315,"date":"2025-10-15T08:41:29","date_gmt":"2025-10-15T08:41:29","guid":{"rendered":"https:\/\/uudet.taksilehtola.fi\/?page_id=3315"},"modified":"2025-10-31T11:40:04","modified_gmt":"2025-10-31T11:40:04","slug":"naisten-edustusjoukkue","status":"publish","type":"page","link":"https:\/\/uudet.taksilehtola.fi\/index.php\/naisten-edustusjoukkue\/","title":{"rendered":"Naisten edustusjoukkue"},"content":{"rendered":"\n<div style=\"height:25px\" aria-hidden=\"true\" class=\"wp-block-spacer\"><\/div>\n\n\n\n<div class=\"wp-block-media-text has-media-on-the-right is-stacked-on-mobile is-vertically-aligned-top is-image-fill-element media-text-spacing\" style=\"grid-template-columns:auto 41%\"><div class=\"wp-block-media-text__content\">\n<p>Naisten edustusjoukkue pelaa kaudella 2025-2026 valtakunnan korkeimmalla sarjatasolla naisten Aktialiigassa.&nbsp;<\/p>\n\n\n\n<p>Joukkue koostuu p\u00e4\u00e4osin seuran omista nuorista kasvateista muutamalla t\u00e4sm\u00e4vahvistuksella t\u00e4ydennettyn\u00e4. Joukkueen tavoite on kehitt\u00e4\u00e4 omia nuoria pelaamaan valtakunnan k\u00e4rkitasolla, kilpaurheiluun kuuluvia joukkuetavoitteita unohtamatta.<\/p>\n\n\n\n<p>T\u00e4m\u00e4 kausi on Cocksittarien kolmas liigatasolla ja tavoitteena on pelata kev\u00e4\u00e4ll\u00e4 SM-mitaleista.<\/p>\n<\/div><figure class=\"wp-block-media-text__media\"><img decoding=\"async\" width=\"1024\" height=\"780\" data-src=\"https:\/\/uudet.taksilehtola.fi\/wp-content\/uploads\/2025\/10\/DSC_7023-2-1024x780.jpeg\" alt=\"\" class=\"wp-image-3912 size-full lazyload\" style=\"--smush-placeholder-width: 1024px; --smush-placeholder-aspect-ratio: 1024\/780;object-position:50% 14%\" data-srcset=\"https:\/\/uudet.taksilehtola.fi\/wp-content\/uploads\/2025\/10\/DSC_7023-2-1024x780.jpeg 1024w, https:\/\/uudet.taksilehtola.fi\/wp-content\/uploads\/2025\/10\/DSC_7023-2-300x229.jpeg 300w, https:\/\/uudet.taksilehtola.fi\/wp-content\/uploads\/2025\/10\/DSC_7023-2-768x585.jpeg 768w, https:\/\/uudet.taksilehtola.fi\/wp-content\/uploads\/2025\/10\/DSC_7023-2-1536x1170.jpeg 1536w, https:\/\/uudet.taksilehtola.fi\/wp-content\/uploads\/2025\/10\/DSC_7023-2.jpeg 1920w\" data-sizes=\"(max-width: 706px) 89vw, (max-width: 767px) 82vw, 740px\" src=\"data:image\/svg+xml;base64,PHN2ZyB3aWR0aD0iMSIgaGVpZ2h0PSIxIiB4bWxucz0iaHR0cDovL3d3dy53My5vcmcvMjAwMC9zdmciPjwvc3ZnPg==\" \/><\/figure><\/div>\n\n\n\n<p>Tarkemmat tiedot naisten edustusjoukkueesta l\u00f6yd\u00e4t <a href=\"https:\/\/aktialiiga.fi\/naiset\/joukkueet-2025-26\/cocks-riihimaki\/\" data-type=\"link\" data-id=\"https:\/\/aktialiiga.fi\/naiset\/joukkueet-2025-26\/cocks-riihimaki\/\" target=\"_blank\" rel=\"noreferrer noopener\">Aktialiigan sivuilta<\/a><\/p>\n\n\n\n<hr class=\"wp-block-separator has-alpha-channel-opacity is-style-wide\"\/>\n\n\n\n<p><strong>Naisten seuraava ottelu:<\/strong><\/p>\n\n\n\n<div style=\"max-width: 600px; margin: 40px auto 0;\">\n  <script\n    charset=\"utf-8\"\n    src=\"https:\/\/hb.api.torneopal.com\/taso\/widget.php?teamid=102549&#038;widget=nextmatch&#038;key=837a080a3a1724f941e350141e7720f7\">\n  <\/script>\n<\/div>\n\n\n\n<div style='width:300px'><script charset='utf-8' src='https:\/\/finnhandball.torneopal.fi\/taso\/widget.php?css=1&#038;encode=iso&#038;competition=hb2025&#038;class=NSM&#038;group=1&#038;widget=scoretable'><\/script><\/div>\n","protected":false},"excerpt":{"rendered":"<p>Naisten edustusjoukkue pelaa kaudella 2025-2026 valtakunnan korkeimmalla sarjatasolla naisten Aktialiigassa.&nbsp; Joukkue koostuu p\u00e4\u00e4osin seuran omista nuorista kasvateista muutamalla t\u00e4sm\u00e4vahvistuksella t\u00e4ydennettyn\u00e4. Joukkueen tavoite on kehitt\u00e4\u00e4 omia nuoria pelaamaan valtakunnan k\u00e4rkitasolla, kilpaurheiluun kuuluvia joukkuetavoitteita unohtamatta. T\u00e4m\u00e4 kausi on Cocksittarien kolmas liigatasolla ja tavoitteena on pelata kev\u00e4\u00e4ll\u00e4 SM-mitaleista. Tarkemmat tiedot naisten edustusjoukkueesta l\u00f6yd\u00e4t Aktialiigan sivuilta Naisten seuraava ottelu:<\/p>\n","protected":false},"author":1,"featured_media":3336,"parent":0,"menu_order":0,"comment_status":"closed","ping_status":"closed","template":"","meta":{"footnotes":""},"class_list":["post-3315","page","type-page","status-publish","has-post-thumbnail","hentry"],"_links":{"self":[{"href":"https:\/\/uudet.taksilehtola.fi\/index.php\/wp-json\/wp\/v2\/pages\/3315","targetHints":{"allow":["GET"]}}],"collection":[{"href":"https:\/\/uudet.taksilehtola.fi\/index.php\/wp-json\/wp\/v2\/pages"}],"about":[{"href":"https:\/\/uudet.taksilehtola.fi\/index.php\/wp-json\/wp\/v2\/types\/page"}],"author":[{"embeddable":true,"href":"https:\/\/uudet.taksilehtola.fi\/index.php\/wp-json\/wp\/v2\/users\/1"}],"replies":[{"embeddable":true,"href":"https:\/\/uudet.taksilehtola.fi\/index.php\/wp-json\/wp\/v2\/comments?post=3315"}],"version-history":[{"count":31,"href":"https:\/\/uudet.taksilehtola.fi\/index.php\/wp-json\/wp\/v2\/pages\/3315\/revisions"}],"predecessor-version":[{"id":3928,"href":"https:\/\/uudet.taksilehtola.fi\/index.php\/wp-json\/wp\/v2\/pages\/3315\/revisions\/3928"}],"wp:featuredmedia":[{"embeddable":true,"href":"https:\/\/uudet.taksilehtola.fi\/index.php\/wp-json\/wp\/v2\/media\/3336"}],"wp:attachment":[{"href":"https:\/\/uudet.taksilehtola.fi\/index.php\/wp-json\/wp\/v2\/media?parent=3315"}],"curies":[{"name":"wp","href":"https:\/\/api.w.org\/{rel}","templated":true}]}}