{"id":2997,"date":"2020-03-20T14:39:16","date_gmt":"2020-03-20T14:39:16","guid":{"rendered":"https:\/\/startersites.io\/blocksy\/blog\/?page_id=2997"},"modified":"2025-10-31T11:37:57","modified_gmt":"2025-10-31T11:37:57","slug":"quote-block","status":"publish","type":"page","link":"https:\/\/uudet.taksilehtola.fi\/","title":{"rendered":"K\u00e4sipalloseura Cocks ry."},"content":{"rendered":"\n<p>K\u00e4sipallo on vauhdikas, monipuolinen ja my\u00f6s edullinen laji harrastaa. Cocks taas on lajin Riihim\u00e4kel\u00e4inen menestystarina jo vuodesta 1973. Cocks tarjoaa ehj\u00e4n polun perhek\u00e4siksest\u00e4 ja k\u00e4siseskarista alkaen aina aikuisten liigatasolle asti.&nbsp;<\/p>\n\n\n\n<p>Tervetuloa mukaan harrastamaan satojen tytt\u00f6- ja poikajunioreidemme joukkoon sek\u00e4 tietenkin kannustamaan kaikkia joukkueitamme Suomen upeimmalle k\u00e4sipallon\u00e4ytt\u00e4m\u00f6lle Cocks Areenalle!<\/p>\n\n\n\n<p><\/p>\n","protected":false},"excerpt":{"rendered":"<p>K\u00e4sipallo on vauhdikas, monipuolinen ja my\u00f6s edullinen laji harrastaa. Cocks taas on lajin Riihim\u00e4kel\u00e4inen menestystarina jo vuodesta 1973. Cocks tarjoaa ehj\u00e4n polun perhek\u00e4siksest\u00e4 ja k\u00e4siseskarista alkaen aina aikuisten liigatasolle asti.&nbsp; Tervetuloa mukaan harrastamaan satojen tytt\u00f6- ja poikajunioreidemme joukkoon sek\u00e4 tietenkin kannustamaan kaikkia joukkueitamme Suomen upeimmalle k\u00e4sipallon\u00e4ytt\u00e4m\u00f6lle Cocks Areenalle!<\/p>\n","protected":false},"author":1,"featured_media":0,"parent":0,"menu_order":0,"comment_status":"closed","ping_status":"closed","template":"","meta":{"footnotes":""},"class_list":["post-2997","page","type-page","status-publish","hentry"],"_links":{"self":[{"href":"https:\/\/uudet.taksilehtola.fi\/index.php\/wp-json\/wp\/v2\/pages\/2997","targetHints":{"allow":["GET"]}}],"collection":[{"href":"https:\/\/uudet.taksilehtola.fi\/index.php\/wp-json\/wp\/v2\/pages"}],"about":[{"href":"https:\/\/uudet.taksilehtola.fi\/index.php\/wp-json\/wp\/v2\/types\/page"}],"author":[{"embeddable":true,"href":"https:\/\/uudet.taksilehtola.fi\/index.php\/wp-json\/wp\/v2\/users\/1"}],"replies":[{"embeddable":true,"href":"https:\/\/uudet.taksilehtola.fi\/index.php\/wp-json\/wp\/v2\/comments?post=2997"}],"version-history":[{"count":18,"href":"https:\/\/uudet.taksilehtola.fi\/index.php\/wp-json\/wp\/v2\/pages\/2997\/revisions"}],"predecessor-version":[{"id":3926,"href":"https:\/\/uudet.taksilehtola.fi\/index.php\/wp-json\/wp\/v2\/pages\/2997\/revisions\/3926"}],"wp:attachment":[{"href":"https:\/\/uudet.taksilehtola.fi\/index.php\/wp-json\/wp\/v2\/media?parent=2997"}],"curies":[{"name":"wp","href":"https:\/\/api.w.org\/{rel}","templated":true}]}}